{"id":10194,"date":"2026-04-20T10:11:17","date_gmt":"2026-04-20T09:11:17","guid":{"rendered":"https:\/\/jpl-solutions.info\/?page_id=10194"},"modified":"2026-04-20T11:50:17","modified_gmt":"2026-04-20T10:50:17","slug":"ma-bo","status":"publish","type":"page","link":"https:\/\/jpl-solutions.info\/fr\/ma-bo\/","title":{"rendered":"Ma Boutique de Soins"},"content":{"rendered":"\t\t<div data-elementor-type=\"wp-page\" data-elementor-id=\"10194\" class=\"elementor elementor-10194\">\n\t\t\t\t\t\t<section class=\"elementor-section elementor-top-section elementor-element elementor-element-097976c elementor-section-boxed elementor-section-height-default elementor-section-height-default\" data-id=\"097976c\" data-element_type=\"section\" data-e-type=\"section\">\n\t\t\t\t\t\t<div class=\"elementor-container elementor-column-gap-default\">\n\t\t\t\t\t<div class=\"elementor-column elementor-col-100 elementor-top-column elementor-element elementor-element-dd21a64\" data-id=\"dd21a64\" data-element_type=\"column\" data-e-type=\"column\">\n\t\t\t<div class=\"elementor-widget-wrap elementor-element-populated\">\n\t\t\t\t\t\t<div class=\"elementor-element elementor-element-a1b7cf1 elementor-widget elementor-widget-heading\" data-id=\"a1b7cf1\" data-element_type=\"widget\" data-e-type=\"widget\" data-widget_type=\"heading.default\">\n\t\t\t\t<div class=\"elementor-widget-container\">\n\t\t\t\t\t<h2 class=\"elementor-heading-title elementor-size-default\">Les meilleurs prix - Livraison rapide - 12.000 produits<\/h2>\t\t\t\t<\/div>\n\t\t\t\t<\/div>\n\t\t\t\t\t<\/div>\n\t\t<\/div>\n\t\t\t\t\t<\/div>\n\t\t<\/section>\n\t\t\t\t<section class=\"elementor-section elementor-top-section elementor-element elementor-element-99233f4 elementor-section-boxed elementor-section-height-default elementor-section-height-default\" data-id=\"99233f4\" data-element_type=\"section\" data-e-type=\"section\">\n\t\t\t\t\t\t<div class=\"elementor-container elementor-column-gap-default\">\n\t\t\t\t\t<div class=\"elementor-column elementor-col-100 elementor-top-column elementor-element elementor-element-47cf405\" data-id=\"47cf405\" data-element_type=\"column\" data-e-type=\"column\">\n\t\t\t<div class=\"elementor-widget-wrap elementor-element-populated\">\n\t\t\t\t\t\t<div class=\"elementor-element elementor-element-d56f888 elementor-widget elementor-widget-text-editor\" data-id=\"d56f888\" data-element_type=\"widget\" data-e-type=\"widget\" data-widget_type=\"text-editor.default\">\n\t\t\t\t<div class=\"elementor-widget-container\">\n\t\t\t\t\t\t\t\t\t<p><span style=\"color: #000000;\">Prendre soin, sans souci logistique !\u00a0Commandez facilement les produits n\u00e9cessaires pour vos patients (et pour vous-m\u00eame) directement via l\u2019application Care4Nurse.<\/span><\/p>\t\t\t\t\t\t\t\t<\/div>\n\t\t\t\t<\/div>\n\t\t\t\t\t<\/div>\n\t\t<\/div>\n\t\t\t\t\t<\/div>\n\t\t<\/section>\n\t\t\t\t<section class=\"elementor-section elementor-top-section elementor-element elementor-element-5cad2eb elementor-section-boxed elementor-section-height-default elementor-section-height-default\" data-id=\"5cad2eb\" data-element_type=\"section\" data-e-type=\"section\">\n\t\t\t\t\t\t<div class=\"elementor-container elementor-column-gap-default\">\n\t\t\t\t\t<div class=\"elementor-column elementor-col-100 elementor-top-column elementor-element elementor-element-0fce050\" data-id=\"0fce050\" data-element_type=\"column\" data-e-type=\"column\">\n\t\t\t<div class=\"elementor-widget-wrap elementor-element-populated\">\n\t\t\t\t\t\t<div class=\"elementor-element elementor-element-fe98114 elementor-widget elementor-widget-heading\" data-id=\"fe98114\" data-element_type=\"widget\" data-e-type=\"widget\" data-widget_type=\"heading.default\">\n\t\t\t\t<div class=\"elementor-widget-container\">\n\t\t\t\t\t<h3 class=\"elementor-heading-title elementor-size-default\">Simplicit\u00e9 et facilit\u00e9<\/h3>\t\t\t\t<\/div>\n\t\t\t\t<\/div>\n\t\t\t\t\t<\/div>\n\t\t<\/div>\n\t\t\t\t\t<\/div>\n\t\t<\/section>\n\t\t\t\t<section class=\"elementor-section elementor-top-section elementor-element elementor-element-3896968 elementor-section-boxed elementor-section-height-default elementor-section-height-default\" data-id=\"3896968\" data-element_type=\"section\" data-e-type=\"section\">\n\t\t\t\t\t\t<div class=\"elementor-container elementor-column-gap-default\">\n\t\t\t\t\t<div class=\"elementor-column elementor-col-100 elementor-top-column elementor-element elementor-element-785fcb7\" data-id=\"785fcb7\" data-element_type=\"column\" data-e-type=\"column\">\n\t\t\t<div class=\"elementor-widget-wrap elementor-element-populated\">\n\t\t\t\t\t\t<div class=\"elementor-element elementor-element-710d4e8 elementor-widget elementor-widget-text-editor\" data-id=\"710d4e8\" data-element_type=\"widget\" data-e-type=\"widget\" data-widget_type=\"text-editor.default\">\n\t\t\t\t<div class=\"elementor-widget-container\">\n\t\t\t\t\t\t\t\t\t<p><span style=\"color: #000000;\">Vous \u00eates infirmier(\u00e8re) \u00e0 domicile ? Alors vous savez mieux que quiconque \u00e0 quel point il est essentiel d\u2019avoir toujours le bon mat\u00e9riel \u00e0 port\u00e9e de main. Chez <strong>Ma Boutique de Soins<\/strong>, nous vous simplifions la vie !<\/span><\/p><p><span style=\"color: #000000;\">Avec plus de <strong>12.000 produits<\/strong>, nous sommes votre <strong>guichet unique<\/strong> pour tous vos besoins m\u00e9dicaux.<br \/><span style=\"font-size: 16px;\">Commandez tous vos produits de soins via notre application <\/span><strong style=\"font-size: 16px;\">claire et intuitive<\/strong><span style=\"font-size: 16px;\">.<\/span><\/span><\/p><ul><li><span style=\"color: #000000;\"><strong>Livraison ultra-rapide :<\/strong> Command\u00e9 aujourd\u2019hui, livr\u00e9 d\u00e8s demain !<\/span><\/li><li><span style=\"color: #000000;\"><strong>Prix comp\u00e9titifs :<\/strong> Faites des \u00e9conomies sans compromettre la qualit\u00e9.<\/span><\/li><li><span style=\"color: #000000;\"><strong>Z\u00e9ro souci :<\/strong> Nous g\u00e9rons la logistique, vous vous concentrez sur vos patients.<\/span><\/li><\/ul>\t\t\t\t\t\t\t\t<\/div>\n\t\t\t\t<\/div>\n\t\t\t\t\t<\/div>\n\t\t<\/div>\n\t\t\t\t\t<\/div>\n\t\t<\/section>\n\t\t\t\t<section class=\"elementor-section elementor-top-section elementor-element elementor-element-9476a3d elementor-section-boxed elementor-section-height-default elementor-section-height-default\" data-id=\"9476a3d\" data-element_type=\"section\" data-e-type=\"section\">\n\t\t\t\t\t\t<div class=\"elementor-container elementor-column-gap-default\">\n\t\t\t\t\t<div class=\"elementor-column elementor-col-100 elementor-top-column elementor-element elementor-element-1ab3e9a\" data-id=\"1ab3e9a\" data-element_type=\"column\" data-e-type=\"column\">\n\t\t\t<div class=\"elementor-widget-wrap elementor-element-populated\">\n\t\t\t\t\t\t<div class=\"elementor-element elementor-element-c458125 elementor-widget elementor-widget-button\" data-id=\"c458125\" data-element_type=\"widget\" data-e-type=\"widget\" data-widget_type=\"button.default\">\n\t\t\t\t<div class=\"elementor-widget-container\">\n\t\t\t\t\t\t\t\t\t<div class=\"elementor-button-wrapper\">\n\t\t\t\t\t<a class=\"elementor-button elementor-button-link elementor-size-sm\" href=\"https:\/\/jpl-solutions.info\/fr\/nous-contacter\/\">\n\t\t\t\t\t\t<span class=\"elementor-button-content-wrapper\">\n\t\t\t\t\t\t\t\t\t<span class=\"elementor-button-text\">Demandez plus d'information sur Ma Boutique de Soins<\/span>\n\t\t\t\t\t<\/span>\n\t\t\t\t\t<\/a>\n\t\t\t\t<\/div>\n\t\t\t\t\t\t\t\t<\/div>\n\t\t\t\t<\/div>\n\t\t\t\t<div class=\"elementor-element elementor-element-89ba55f elementor-widget elementor-widget-image\" data-id=\"89ba55f\" data-element_type=\"widget\" data-e-type=\"widget\" data-widget_type=\"image.default\">\n\t\t\t\t<div class=\"elementor-widget-container\">\n\t\t\t\t\t\t\t\t\t\t\t\t\t\t\t<img fetchpriority=\"high\" decoding=\"async\" width=\"257\" height=\"224\" src=\"https:\/\/jpl-solutions.info\/wordpress\/wp-content\/uploads\/2025\/12\/C4N-MijnZorgshop-scherm.jpg\" class=\"attachment-medium_large size-medium_large wp-image-9913\" alt=\"MijnZorgshop scherm binnen Care4Nurse, zorgmateriaal bestellen\" title=\"\">\t\t\t\t\t\t\t\t\t\t\t\t\t\t\t<\/div>\n\t\t\t\t<\/div>\n\t\t\t\t\t<\/div>\n\t\t<\/div>\n\t\t\t\t\t<\/div>\n\t\t<\/section>\n\t\t\t\t<\/div>\n\t\t","protected":false},"excerpt":{"rendered":"<p>Les meilleurs prix &#8211; Livraison rapide &#8211; 12.000 produits Prendre soin, sans souci logistique !\u00a0Commandez facilement les produits n\u00e9cessaires pour vos patients (et pour vous-m\u00eame) directement via l\u2019application Care4Nurse. Simplicit\u00e9 et facilit\u00e9 Vous \u00eates infirmier(\u00e8re) \u00e0 domicile ? Alors vous savez mieux que quiconque \u00e0 quel point il est essentiel d\u2019avoir toujours le bon mat\u00e9riel [&hellip;]<\/p>\n","protected":false},"author":1,"featured_media":0,"parent":0,"menu_order":0,"comment_status":"closed","ping_status":"closed","template":"","meta":{"site-sidebar-layout":"no-sidebar","site-content-layout":"","ast-site-content-layout":"full-width-container","site-content-style":"unboxed","site-sidebar-style":"unboxed","ast-global-header-display":"","ast-banner-title-visibility":"","ast-main-header-display":"","ast-hfb-above-header-display":"","ast-hfb-below-header-display":"","ast-hfb-mobile-header-display":"","site-post-title":"","ast-breadcrumbs-content":"","ast-featured-img":"disabled","footer-sml-layout":"","ast-disable-related-posts":"","theme-transparent-header-meta":"","adv-header-id-meta":"","stick-header-meta":"","header-above-stick-meta":"","header-main-stick-meta":"","header-below-stick-meta":"","astra-migrate-meta-layouts":"default","ast-page-background-enabled":"default","ast-page-background-meta":{"desktop":{"background-color":"","background-image":"","background-repeat":"repeat","background-position":"center center","background-size":"auto","background-attachment":"scroll","background-type":"","background-media":"","overlay-type":"","overlay-color":"","overlay-opacity":"","overlay-gradient":""},"tablet":{"background-color":"","background-image":"","background-repeat":"repeat","background-position":"center center","background-size":"auto","background-attachment":"scroll","background-type":"","background-media":"","overlay-type":"","overlay-color":"","overlay-opacity":"","overlay-gradient":""},"mobile":{"background-color":"","background-image":"","background-repeat":"repeat","background-position":"center center","background-size":"auto","background-attachment":"scroll","background-type":"","background-media":"","overlay-type":"","overlay-color":"","overlay-opacity":"","overlay-gradient":""}},"ast-content-background-meta":{"desktop":{"background-color":"var(--ast-global-color-5)","background-image":"","background-repeat":"repeat","background-position":"center center","background-size":"auto","background-attachment":"scroll","background-type":"","background-media":"","overlay-type":"","overlay-color":"","overlay-opacity":"","overlay-gradient":""},"tablet":{"background-color":"var(--ast-global-color-5)","background-image":"","background-repeat":"repeat","background-position":"center center","background-size":"auto","background-attachment":"scroll","background-type":"","background-media":"","overlay-type":"","overlay-color":"","overlay-opacity":"","overlay-gradient":""},"mobile":{"background-color":"var(--ast-global-color-5)","background-image":"","background-repeat":"repeat","background-position":"center center","background-size":"auto","background-attachment":"scroll","background-type":"","background-media":"","overlay-type":"","overlay-color":"","overlay-opacity":"","overlay-gradient":""}},"footnotes":""},"class_list":["post-10194","page","type-page","status-publish","hentry"],"_links":{"self":[{"href":"https:\/\/jpl-solutions.info\/fr\/wp-json\/wp\/v2\/pages\/10194","targetHints":{"allow":["GET"]}}],"collection":[{"href":"https:\/\/jpl-solutions.info\/fr\/wp-json\/wp\/v2\/pages"}],"about":[{"href":"https:\/\/jpl-solutions.info\/fr\/wp-json\/wp\/v2\/types\/page"}],"author":[{"embeddable":true,"href":"https:\/\/jpl-solutions.info\/fr\/wp-json\/wp\/v2\/users\/1"}],"replies":[{"embeddable":true,"href":"https:\/\/jpl-solutions.info\/fr\/wp-json\/wp\/v2\/comments?post=10194"}],"version-history":[{"count":7,"href":"https:\/\/jpl-solutions.info\/fr\/wp-json\/wp\/v2\/pages\/10194\/revisions"}],"predecessor-version":[{"id":10220,"href":"https:\/\/jpl-solutions.info\/fr\/wp-json\/wp\/v2\/pages\/10194\/revisions\/10220"}],"wp:attachment":[{"href":"https:\/\/jpl-solutions.info\/fr\/wp-json\/wp\/v2\/media?parent=10194"}],"curies":[{"name":"wp","href":"https:\/\/api.w.org\/{rel}","templated":true}]}}