{"id":6767,"date":"2024-05-15T08:54:02","date_gmt":"2024-05-15T07:54:02","guid":{"rendered":"https:\/\/jpl-solutions.info\/7-conseils-en-savoir-plus\/"},"modified":"2025-04-08T09:23:46","modified_gmt":"2025-04-08T08:23:46","slug":"7-conseils-en-savoir-plus","status":"publish","type":"page","link":"https:\/\/jpl-solutions.info\/fr\/7-conseils-en-savoir-plus\/","title":{"rendered":"7 conseils pour le bon logiciel pour l&rsquo;infirmi\u00e8re \u00e0 domicile"},"content":{"rendered":"\t\t<div data-elementor-type=\"wp-page\" data-elementor-id=\"6767\" class=\"elementor elementor-6767\">\n\t\t\t\t\t\t<section class=\"elementor-section elementor-top-section elementor-element elementor-element-751bf1d elementor-section-boxed elementor-section-height-default elementor-section-height-default\" data-id=\"751bf1d\" data-element_type=\"section\" data-e-type=\"section\" data-settings=\"{&quot;background_background&quot;:&quot;classic&quot;}\">\n\t\t\t\t\t\t<div class=\"elementor-container elementor-column-gap-default\">\n\t\t\t\t\t<div class=\"elementor-column elementor-col-100 elementor-top-column elementor-element elementor-element-ab6be71\" data-id=\"ab6be71\" data-element_type=\"column\" data-e-type=\"column\">\n\t\t\t<div class=\"elementor-widget-wrap elementor-element-populated\">\n\t\t\t\t\t\t<div class=\"elementor-element elementor-element-6a4b961 elementor-widget elementor-widget-heading\" data-id=\"6a4b961\" data-element_type=\"widget\" data-e-type=\"widget\" data-widget_type=\"heading.default\">\n\t\t\t\t<div class=\"elementor-widget-container\">\n\t\t\t\t\t<h1 class=\"elementor-heading-title elementor-size-default\">7 conseils importants pour choisir le meilleur logiciel pour l'infirmi\u00e8re \u00e0 domicile - 15\/5\/2024<\/h1>\t\t\t\t<\/div>\n\t\t\t\t<\/div>\n\t\t\t\t\t<\/div>\n\t\t<\/div>\n\t\t\t\t\t<\/div>\n\t\t<\/section>\n\t\t\t\t<section class=\"elementor-section elementor-top-section elementor-element elementor-element-7df3431 elementor-section-boxed elementor-section-height-default elementor-section-height-default\" data-id=\"7df3431\" data-element_type=\"section\" data-e-type=\"section\" data-settings=\"{&quot;background_background&quot;:&quot;classic&quot;}\">\n\t\t\t\t\t\t<div class=\"elementor-container elementor-column-gap-default\">\n\t\t\t\t\t<div class=\"elementor-column elementor-col-100 elementor-top-column elementor-element elementor-element-a6afa29\" data-id=\"a6afa29\" data-element_type=\"column\" data-e-type=\"column\">\n\t\t\t<div class=\"elementor-widget-wrap elementor-element-populated\">\n\t\t\t\t\t\t<div class=\"elementor-element elementor-element-68a24e4 elementor-widget elementor-widget-image\" data-id=\"68a24e4\" data-element_type=\"widget\" data-e-type=\"widget\" data-widget_type=\"image.default\">\n\t\t\t\t<div class=\"elementor-widget-container\">\n\t\t\t\t\t\t\t\t\t\t\t\t<figure class=\"wp-caption\">\n\t\t\t\t\t\t\t\t\t\t<img fetchpriority=\"high\" decoding=\"async\" width=\"300\" height=\"169\" src=\"https:\/\/jpl-solutions.info\/wordpress\/wp-content\/uploads\/2024\/01\/Verpleegkundigen-C4N-1-300x169.jpg\" class=\"attachment-medium size-medium wp-image-4586\" alt=\"Logiciel pour l&#039;Infirmi\u00e8re \u00e0 domicile\" srcset=\"https:\/\/jpl-solutions.info\/wordpress\/wp-content\/uploads\/2024\/01\/Verpleegkundigen-C4N-1-300x169.jpg 300w, https:\/\/jpl-solutions.info\/wordpress\/wp-content\/uploads\/2024\/01\/Verpleegkundigen-C4N-1-1024x576.jpg 1024w, https:\/\/jpl-solutions.info\/wordpress\/wp-content\/uploads\/2024\/01\/Verpleegkundigen-C4N-1-768x432.jpg 768w, https:\/\/jpl-solutions.info\/wordpress\/wp-content\/uploads\/2024\/01\/Verpleegkundigen-C4N-1-1536x864.jpg 1536w, https:\/\/jpl-solutions.info\/wordpress\/wp-content\/uploads\/2024\/01\/Verpleegkundigen-C4N-1.jpg 1695w\" sizes=\"(max-width: 300px) 100vw, 300px\" title=\"\">\t\t\t\t\t\t\t\t\t\t\t<figcaption class=\"widget-image-caption wp-caption-text\">Logiciel pour l'Infirmi\u00e8re \u00e0 domicile<\/figcaption>\n\t\t\t\t\t\t\t\t\t\t<\/figure>\n\t\t\t\t\t\t\t\t\t<\/div>\n\t\t\t\t<\/div>\n\t\t\t\t<div class=\"elementor-element elementor-element-4eab234 elementor-widget elementor-widget-text-editor\" data-id=\"4eab234\" data-element_type=\"widget\" data-e-type=\"widget\" data-widget_type=\"text-editor.default\">\n\t\t\t\t<div class=\"elementor-widget-container\">\n\t\t\t\t\t\t\t\t\t<p>Commencez-vous par une pratique ind\u00e9pendante en soins infirmiers \u00e0 domicile? Ensuite, il est essentiel de consigner avec pr\u00e9cision tout vos prestations de soin. Ceci est important non seulement pour le suivi de vos dossiers (\u00e9lectroniques) de soins infirmiers, mais aussi pour facturer les mutualit\u00e9s afin que vous soyez pay\u00e9 correctement pour votre travail. Heureusement, il y a un logiciel qui vous aide avec ceci et fait beaucoup plus que cela. <strong>Voici 7 conseils pour choisir le meilleur logiciel?<\/strong><\/p>\t\t\t\t\t\t\t\t<\/div>\n\t\t\t\t<\/div>\n\t\t\t\t\t<\/div>\n\t\t<\/div>\n\t\t\t\t\t<\/div>\n\t\t<\/section>\n\t\t\t\t<section class=\"elementor-section elementor-top-section elementor-element elementor-element-c54d2d1 elementor-section-boxed elementor-section-height-default elementor-section-height-default\" data-id=\"c54d2d1\" data-element_type=\"section\" data-e-type=\"section\" data-settings=\"{&quot;background_background&quot;:&quot;classic&quot;}\">\n\t\t\t\t\t\t<div class=\"elementor-container elementor-column-gap-default\">\n\t\t\t\t\t<div class=\"elementor-column elementor-col-50 elementor-top-column elementor-element elementor-element-035ead0\" data-id=\"035ead0\" data-element_type=\"column\" data-e-type=\"column\">\n\t\t\t<div class=\"elementor-widget-wrap elementor-element-populated\">\n\t\t\t\t\t\t<div class=\"elementor-element elementor-element-5ac838f elementor-widget elementor-widget-text-editor\" data-id=\"5ac838f\" data-element_type=\"widget\" data-e-type=\"widget\" data-widget_type=\"text-editor.default\">\n\t\t\t\t<div class=\"elementor-widget-container\">\n\t\t\t\t\t\t\t\t\t<p><strong>1\/ Faites des recherches sur Internet.<\/strong> <br \/>Consultez le site Web des diff\u00e9rents fournisseurs de ce genre de logiciel. Recherchez leur application dans l\u2019App Store ou dans Google Play. V\u00e9rifiez leur exp\u00e9rience dans la mati\u00e8re et leur fiabilit\u00e9. Faites \u00e9galement attention \u00e0 l\u2019image de l\u2019entreprise\u00a0: est-ce une entreprise familiale ou une grande entreprise. Demandez-vous ce qui vous convient le mieux.<\/p>\t\t\t\t\t\t\t\t<\/div>\n\t\t\t\t<\/div>\n\t\t\t\t\t<\/div>\n\t\t<\/div>\n\t\t\t\t<div class=\"elementor-column elementor-col-50 elementor-top-column elementor-element elementor-element-8f1f161\" data-id=\"8f1f161\" data-element_type=\"column\" data-e-type=\"column\">\n\t\t\t<div class=\"elementor-widget-wrap elementor-element-populated\">\n\t\t\t\t\t\t<div class=\"elementor-element elementor-element-17eea9b elementor-widget elementor-widget-text-editor\" data-id=\"17eea9b\" data-element_type=\"widget\" data-e-type=\"widget\" data-widget_type=\"text-editor.default\">\n\t\t\t\t<div class=\"elementor-widget-container\">\n\t\t\t\t\t\t\t\t\t<p><strong>2\/ V\u00e9rifiez les fonctionnalit\u00e9s offertes.<br \/><\/strong>Assurez-vous que le logiciel r\u00e9pond aux besoins sp\u00e9cifiques d\u2019une infirmi\u00e8re \u00e0 domicile. Pensez \u00e0 des fonctions telles que le dossier infirmier, votre planification, la facturation et la communication. Il est \u00e9vident qu\u2019un paquet dans lequel tout est int\u00e9gr\u00e9 est pr\u00e9f\u00e9r\u00e9.\u00a0<\/p>\t\t\t\t\t\t\t\t<\/div>\n\t\t\t\t<\/div>\n\t\t\t\t\t<\/div>\n\t\t<\/div>\n\t\t\t\t\t<\/div>\n\t\t<\/section>\n\t\t\t\t<section class=\"elementor-section elementor-top-section elementor-element elementor-element-2215ad5 elementor-section-boxed elementor-section-height-default elementor-section-height-default\" data-id=\"2215ad5\" data-element_type=\"section\" data-e-type=\"section\" data-settings=\"{&quot;background_background&quot;:&quot;classic&quot;}\">\n\t\t\t\t\t\t<div class=\"elementor-container elementor-column-gap-default\">\n\t\t\t\t\t<div class=\"elementor-column elementor-col-50 elementor-top-column elementor-element elementor-element-9b2dbe4\" data-id=\"9b2dbe4\" data-element_type=\"column\" data-e-type=\"column\">\n\t\t\t<div class=\"elementor-widget-wrap elementor-element-populated\">\n\t\t\t\t\t\t<div class=\"elementor-element elementor-element-73ccdd9 elementor-widget elementor-widget-text-editor\" data-id=\"73ccdd9\" data-element_type=\"widget\" data-e-type=\"widget\" data-widget_type=\"text-editor.default\">\n\t\t\t\t<div class=\"elementor-widget-container\">\n\t\t\t\t\t\t\t\t\t<p><strong>3\/ Le logiciel est-il suffisamment convivial ?<br \/><\/strong>Choisissez un logiciel intuitif et facile \u00e0 utiliser. Cela vous aidera \u00e0 travailler plus efficacement et \u00e0 gagner du temps. Par exemple, faites attention \u00e0 l\u2019utilisation de symboles et de couleurs qui simplifient la navigation dans le logiciel. Ou bien v\u00e9rifiez la fluidit\u00e9 de la saisie d\u2019un planning\u00a0: certains progiciels vous obligent \u00e0 appeler le patient \u00e0 chaque fois, ce qui vous faites perdre beaucoup de temps pr\u00e9cieux.\u00a0\u00a0<\/p>\t\t\t\t\t\t\t\t<\/div>\n\t\t\t\t<\/div>\n\t\t\t\t\t<\/div>\n\t\t<\/div>\n\t\t\t\t<div class=\"elementor-column elementor-col-50 elementor-top-column elementor-element elementor-element-85f47ed\" data-id=\"85f47ed\" data-element_type=\"column\" data-e-type=\"column\">\n\t\t\t<div class=\"elementor-widget-wrap elementor-element-populated\">\n\t\t\t\t\t\t<div class=\"elementor-element elementor-element-d11eb04 elementor-widget elementor-widget-text-editor\" data-id=\"d11eb04\" data-element_type=\"widget\" data-e-type=\"widget\" data-widget_type=\"text-editor.default\">\n\t\t\t\t<div class=\"elementor-widget-container\">\n\t\t\t\t\t\t\t\t\t<p><strong>4\/ Le logiciel pour l&rsquo;infirmi\u00e8re \u00e0 domicile est-il s\u00fbr et r\u00e9pond-il \u00e0 toutes les exigences l\u00e9gales ?<br \/><\/strong>V\u00e9rifiez que le logiciel r\u00e9pond \u00e0 toutes les exigences l\u00e9gales, telles que les r\u00e8gles de protection des donn\u00e9es et de confidentialit\u00e9 (r\u00e8glement g\u00e9n\u00e9ral sur la protection des donn\u00e9es). Sachez \u00e9galement que les meilleurs progiciels fonctionnent via le cloud o\u00f9 les donn\u00e9es ne sont plus stock\u00e9es sur votre PC mais sur un serveur hautement s\u00e9curis\u00e9. De cette fa\u00e7on, vous \u00eates toujours s\u00fbr que vos fichiers de soins infirmiers sont en s\u00e9curit\u00e9 en cas de panne de votre ordinateur ou tablette. V\u00e9rifiez \u00e9galement si le logiciel est homologu\u00e9.<\/p>\t\t\t\t\t\t\t\t<\/div>\n\t\t\t\t<\/div>\n\t\t\t\t\t<\/div>\n\t\t<\/div>\n\t\t\t\t\t<\/div>\n\t\t<\/section>\n\t\t\t\t<section class=\"elementor-section elementor-top-section elementor-element elementor-element-0f8541c elementor-section-boxed elementor-section-height-default elementor-section-height-default\" data-id=\"0f8541c\" data-element_type=\"section\" data-e-type=\"section\" data-settings=\"{&quot;background_background&quot;:&quot;classic&quot;}\">\n\t\t\t\t\t\t<div class=\"elementor-container elementor-column-gap-default\">\n\t\t\t\t\t<div class=\"elementor-column elementor-col-50 elementor-top-column elementor-element elementor-element-6994a4e\" data-id=\"6994a4e\" data-element_type=\"column\" data-e-type=\"column\">\n\t\t\t<div class=\"elementor-widget-wrap elementor-element-populated\">\n\t\t\t\t\t\t<div class=\"elementor-element elementor-element-616cd93 elementor-widget elementor-widget-text-editor\" data-id=\"616cd93\" data-element_type=\"widget\" data-e-type=\"widget\" data-widget_type=\"text-editor.default\">\n\t\t\t\t<div class=\"elementor-widget-container\">\n\t\t\t\t\t\t\t\t\t<p><strong>5\/ Quel soutien et quelle formation offrent-ils?<br \/><\/strong>Choisissez un fournisseur de logiciels qui offre un bon soutien \u00e0 la client\u00e8le et une bonne formation pour vous aider \u00e0 utiliser le logiciel. Vous pouvez les appeler pour cela, &#8230; alors vous sentez imm\u00e9diatement s\u2019il clique.<\/p>\t\t\t\t\t\t\t\t<\/div>\n\t\t\t\t<\/div>\n\t\t\t\t\t<\/div>\n\t\t<\/div>\n\t\t\t\t<div class=\"elementor-column elementor-col-50 elementor-top-column elementor-element elementor-element-1a84082\" data-id=\"1a84082\" data-element_type=\"column\" data-e-type=\"column\">\n\t\t\t<div class=\"elementor-widget-wrap elementor-element-populated\">\n\t\t\t\t\t\t<div class=\"elementor-element elementor-element-1b381ac elementor-widget elementor-widget-text-editor\" data-id=\"1b381ac\" data-element_type=\"widget\" data-e-type=\"widget\" data-widget_type=\"text-editor.default\">\n\t\t\t\t<div class=\"elementor-widget-container\">\n\t\t\t\t\t\t\t\t\t<p><strong>6\/ Cela correspond-il \u00e0 votre budget? <br \/><\/strong>Comparez les prix des diff\u00e9rentes solutions logicielles et visualisez le co\u00fbt total\u00a0: avec ou sans TVA (!), tous les co\u00fbts de d\u00e9marrage, les co\u00fbts d\u2019abonnement mensuels, les co\u00fbts de maintenance et les co\u00fbts de mise \u00e0 niveau ou d\u2019ajustement. Demandez une offre claire sur mesure. Optez pour le meilleur rapport qualit\u00e9-prix.\u00a0\u00a0\u00a0<\/p>\t\t\t\t\t\t\t\t<\/div>\n\t\t\t\t<\/div>\n\t\t\t\t\t<\/div>\n\t\t<\/div>\n\t\t\t\t\t<\/div>\n\t\t<\/section>\n\t\t\t\t<section class=\"elementor-section elementor-top-section elementor-element elementor-element-29e17f1 elementor-section-boxed elementor-section-height-default elementor-section-height-default\" data-id=\"29e17f1\" data-element_type=\"section\" data-e-type=\"section\" data-settings=\"{&quot;background_background&quot;:&quot;classic&quot;}\">\n\t\t\t\t\t\t<div class=\"elementor-container elementor-column-gap-default\">\n\t\t\t\t\t<div class=\"elementor-column elementor-col-50 elementor-top-column elementor-element elementor-element-0c4b907\" data-id=\"0c4b907\" data-element_type=\"column\" data-e-type=\"column\">\n\t\t\t<div class=\"elementor-widget-wrap elementor-element-populated\">\n\t\t\t\t\t\t<div class=\"elementor-element elementor-element-0475804 elementor-widget elementor-widget-text-editor\" data-id=\"0475804\" data-element_type=\"widget\" data-e-type=\"widget\" data-widget_type=\"text-editor.default\">\n\t\t\t\t<div class=\"elementor-widget-container\">\n\t\t\t\t\t\t\t\t\t<p><strong>7\/ Demandez une d\u00e9mo ou une p\u00e9riode d\u2019essai du logiciel pour l&rsquo;infirmi\u00e8re \u00e0 domicile, si n\u00e9cessaire. <br \/><\/strong>Vous pouvez \u00e9galement tester le logiciel vous-m\u00eame avant de prendre une d\u00e9cision finale. Demandez une d\u00e9mo ou v\u00e9rifiez si une p\u00e9riode d\u2019essai gratuite est disponible. Il est \u00e9galement utile de consulter les exp\u00e9riences et les recommandations de vos coll\u00e8gues ou d\u2019autres infirmi\u00e8res \u00e0 domicile autonomes lorsque vous faites votre choix.\u00a0<\/p>\t\t\t\t\t\t\t\t<\/div>\n\t\t\t\t<\/div>\n\t\t\t\t\t<\/div>\n\t\t<\/div>\n\t\t\t\t<div class=\"elementor-column elementor-col-50 elementor-top-column elementor-element elementor-element-7e20b6e\" data-id=\"7e20b6e\" data-element_type=\"column\" data-e-type=\"column\">\n\t\t\t<div class=\"elementor-widget-wrap elementor-element-populated\">\n\t\t\t\t\t\t<div class=\"elementor-element elementor-element-60ba3af elementor-widget elementor-widget-spacer\" data-id=\"60ba3af\" data-element_type=\"widget\" data-e-type=\"widget\" data-widget_type=\"spacer.default\">\n\t\t\t\t<div class=\"elementor-widget-container\">\n\t\t\t\t\t\t\t<div class=\"elementor-spacer\">\n\t\t\t<div class=\"elementor-spacer-inner\"><\/div>\n\t\t<\/div>\n\t\t\t\t\t\t<\/div>\n\t\t\t\t<\/div>\n\t\t\t\t<div class=\"elementor-element elementor-element-dddf5ec elementor-align-center elementor-widget elementor-widget-button\" data-id=\"dddf5ec\" data-element_type=\"widget\" data-e-type=\"widget\" data-widget_type=\"button.default\">\n\t\t\t\t<div class=\"elementor-widget-container\">\n\t\t\t\t\t\t\t\t\t<div class=\"elementor-button-wrapper\">\n\t\t\t\t\t<a class=\"elementor-button elementor-button-link elementor-size-sm\" href=\"https:\/\/jpl-solutions.info\/fr\/nous-contacter\/\">\n\t\t\t\t\t\t<span class=\"elementor-button-content-wrapper\">\n\t\t\t\t\t\t\t\t\t<span class=\"elementor-button-text\">Demandez votre d\u00e9mo Care4Nurse ou plus d\u2019informations ici<\/span>\n\t\t\t\t\t<\/span>\n\t\t\t\t\t<\/a>\n\t\t\t\t<\/div>\n\t\t\t\t\t\t\t\t<\/div>\n\t\t\t\t<\/div>\n\t\t\t\t\t<\/div>\n\t\t<\/div>\n\t\t\t\t\t<\/div>\n\t\t<\/section>\n\t\t\t\t<section class=\"elementor-section elementor-top-section elementor-element elementor-element-d18cb51 elementor-section-boxed elementor-section-height-default elementor-section-height-default\" data-id=\"d18cb51\" data-element_type=\"section\" data-e-type=\"section\" data-settings=\"{&quot;background_background&quot;:&quot;classic&quot;}\">\n\t\t\t\t\t\t<div class=\"elementor-container elementor-column-gap-default\">\n\t\t\t\t\t<div class=\"elementor-column elementor-col-100 elementor-top-column elementor-element elementor-element-6157755\" data-id=\"6157755\" data-element_type=\"column\" data-e-type=\"column\">\n\t\t\t<div class=\"elementor-widget-wrap elementor-element-populated\">\n\t\t\t\t\t\t<div class=\"elementor-element elementor-element-8ee8b67 elementor-widget elementor-widget-text-editor\" data-id=\"8ee8b67\" data-element_type=\"widget\" data-e-type=\"widget\" data-widget_type=\"text-editor.default\">\n\t\t\t\t<div class=\"elementor-widget-container\">\n\t\t\t\t\t\t\t\t\t<p>Rappelez-vous que le choix du logiciel est personnel et d\u00e9pend de vos besoins et pr\u00e9f\u00e9rences sp\u00e9cifiques.<br \/><span style=\"font-size: 15px; color: var( --e-global-color-text ); background-color: var( --e-global-color-astglobalcolor5 );\">Bonne chance!<\/span><\/p><p><span style=\"color: #3366ff;\"><strong>L\u2019\u00e9quipe Care4Nurse<\/strong><\/span><\/p>\t\t\t\t\t\t\t\t<\/div>\n\t\t\t\t<\/div>\n\t\t\t\t\t<\/div>\n\t\t<\/div>\n\t\t\t\t\t<\/div>\n\t\t<\/section>\n\t\t\t\t<\/div>\n\t\t","protected":false},"excerpt":{"rendered":"<p>7 conseils importants pour choisir le meilleur logiciel pour l&rsquo;infirmi\u00e8re \u00e0 domicile &#8211; 15\/5\/2024 Logiciel pour l&rsquo;Infirmi\u00e8re \u00e0 domicile Commencez-vous par une pratique ind\u00e9pendante en soins infirmiers \u00e0 domicile? Ensuite, il est essentiel de consigner avec pr\u00e9cision tout vos prestations de soin. Ceci est important non seulement pour le suivi de vos dossiers (\u00e9lectroniques) de [&hellip;]<\/p>\n","protected":false},"author":1,"featured_media":0,"parent":0,"menu_order":0,"comment_status":"closed","ping_status":"closed","template":"","meta":{"site-sidebar-layout":"no-sidebar","site-content-layout":null,"ast-site-content-layout":"full-width-container","site-content-style":"unboxed","site-sidebar-style":"unboxed","ast-global-header-display":"","ast-banner-title-visibility":"","ast-main-header-display":"","ast-hfb-above-header-display":null,"ast-hfb-below-header-display":null,"ast-hfb-mobile-header-display":null,"site-post-title":"disabled","ast-breadcrumbs-content":null,"ast-featured-img":"disabled","footer-sml-layout":"","ast-disable-related-posts":"","theme-transparent-header-meta":"","adv-header-id-meta":null,"stick-header-meta":null,"header-above-stick-meta":null,"header-main-stick-meta":null,"header-below-stick-meta":null,"astra-migrate-meta-layouts":"default","ast-page-background-enabled":"default","ast-page-background-meta":{"desktop":{"background-color":"","background-image":"","background-repeat":"repeat","background-position":"center center","background-size":"auto","background-attachment":"scroll","background-type":"","background-media":"","overlay-type":"","overlay-color":"","overlay-opacity":"","overlay-gradient":""},"tablet":{"background-color":"","background-image":"","background-repeat":"repeat","background-position":"center center","background-size":"auto","background-attachment":"scroll","background-type":"","background-media":"","overlay-type":"","overlay-color":"","overlay-opacity":"","overlay-gradient":""},"mobile":{"background-color":"","background-image":"","background-repeat":"repeat","background-position":"center center","background-size":"auto","background-attachment":"scroll","background-type":"","background-media":"","overlay-type":"","overlay-color":"","overlay-opacity":"","overlay-gradient":""}},"ast-content-background-meta":{"desktop":{"background-color":"var(--ast-global-color-5)","background-image":"","background-repeat":"repeat","background-position":"center center","background-size":"auto","background-attachment":"scroll","background-type":"","background-media":"","overlay-type":"","overlay-color":"","overlay-opacity":"","overlay-gradient":""},"tablet":{"background-color":"var(--ast-global-color-5)","background-image":"","background-repeat":"repeat","background-position":"center center","background-size":"auto","background-attachment":"scroll","background-type":"","background-media":"","overlay-type":"","overlay-color":"","overlay-opacity":"","overlay-gradient":""},"mobile":{"background-color":"var(--ast-global-color-5)","background-image":"","background-repeat":"repeat","background-position":"center center","background-size":"auto","background-attachment":"scroll","background-type":"","background-media":"","overlay-type":"","overlay-color":"","overlay-opacity":"","overlay-gradient":""}},"footnotes":""},"class_list":["post-6767","page","type-page","status-publish","hentry"],"_links":{"self":[{"href":"https:\/\/jpl-solutions.info\/fr\/wp-json\/wp\/v2\/pages\/6767","targetHints":{"allow":["GET"]}}],"collection":[{"href":"https:\/\/jpl-solutions.info\/fr\/wp-json\/wp\/v2\/pages"}],"about":[{"href":"https:\/\/jpl-solutions.info\/fr\/wp-json\/wp\/v2\/types\/page"}],"author":[{"embeddable":true,"href":"https:\/\/jpl-solutions.info\/fr\/wp-json\/wp\/v2\/users\/1"}],"replies":[{"embeddable":true,"href":"https:\/\/jpl-solutions.info\/fr\/wp-json\/wp\/v2\/comments?post=6767"}],"version-history":[{"count":0,"href":"https:\/\/jpl-solutions.info\/fr\/wp-json\/wp\/v2\/pages\/6767\/revisions"}],"wp:attachment":[{"href":"https:\/\/jpl-solutions.info\/fr\/wp-json\/wp\/v2\/media?parent=6767"}],"curies":[{"name":"wp","href":"https:\/\/api.w.org\/{rel}","templated":true}]}}